{"id":999,"date":"2024-10-29T13:00:32","date_gmt":"2024-10-29T11:00:32","guid":{"rendered":"https:\/\/curiara.com\/europa\/?page_id=999"},"modified":"2024-10-29T17:53:01","modified_gmt":"2024-10-29T15:53:01","slug":"graciasfirma","status":"publish","type":"page","link":"https:\/\/curiara.com\/europa\/en\/graciasfirma\/","title":{"rendered":"Thank you Europa Document"},"content":{"rendered":"<div data-elementor-type=\"wp-page\" data-elementor-id=\"999\" class=\"elementor elementor-999\" data-elementor-post-type=\"page\">\n\t\t\t\t<div class=\"elementor-element elementor-element-44deb9f e-flex e-con-boxed e-con e-parent\" data-id=\"44deb9f\" data-element_type=\"container\" data-e-type=\"container\">\n\t\t\t\t\t<div class=\"e-con-inner\">\n\t\t\t\t<div class=\"elementor-element elementor-element-2fa489b elementor-widget elementor-widget-heading\" data-id=\"2fa489b\" data-element_type=\"widget\" data-e-type=\"widget\" data-widget_type=\"heading.default\">\n\t\t\t\t<div class=\"elementor-widget-container\">\n\t\t\t\t\t<h2 class=\"elementor-heading-title elementor-size-default\">Thank you for trusting Curiara!<\/h2>\t\t\t\t<\/div>\n\t\t\t\t<\/div>\n\t\t\t\t\t<\/div>\n\t\t\t\t<\/div>\n\t\t<div class=\"elementor-element elementor-element-83de7a0 e-flex e-con-boxed e-con e-parent\" data-id=\"83de7a0\" data-element_type=\"container\" data-e-type=\"container\">\n\t\t\t\t\t<div class=\"e-con-inner\">\n\t\t\t\t<div class=\"elementor-element elementor-element-03ee177 elementor-widget elementor-widget-image\" data-id=\"03ee177\" data-element_type=\"widget\" data-e-type=\"widget\" data-widget_type=\"image.default\">\n\t\t\t\t<div class=\"elementor-widget-container\">\n\t\t\t\t\t\t\t\t\t\t\t\t\t\t\t<img fetchpriority=\"high\" decoding=\"async\" width=\"800\" height=\"259\" src=\"https:\/\/curiara.com\/europa\/wp-content\/uploads\/sites\/2\/2024\/10\/banner-gracias-1024x332.png\" class=\"attachment-large size-large wp-image-1028\" alt=\"\" srcset=\"https:\/\/curiara.com\/europa\/wp-content\/uploads\/sites\/2\/2024\/10\/banner-gracias-1024x332.png 1024w, https:\/\/curiara.com\/europa\/wp-content\/uploads\/sites\/2\/2024\/10\/banner-gracias-300x97.png 300w, https:\/\/curiara.com\/europa\/wp-content\/uploads\/sites\/2\/2024\/10\/banner-gracias-768x249.png 768w, https:\/\/curiara.com\/europa\/wp-content\/uploads\/sites\/2\/2024\/10\/banner-gracias-18x6.png 18w, https:\/\/curiara.com\/europa\/wp-content\/uploads\/sites\/2\/2024\/10\/banner-gracias.png 1080w\" sizes=\"(max-width: 800px) 100vw, 800px\" \/>\t\t\t\t\t\t\t\t\t\t\t\t\t\t\t<\/div>\n\t\t\t\t<\/div>\n\t\t\t\t\t<\/div>\n\t\t\t\t<\/div>\n\t\t\t\t<\/div>","protected":false},"excerpt":{"rendered":"<p>Thank you for trusting Curiara!<\/p>","protected":false},"author":7,"featured_media":0,"parent":0,"menu_order":0,"comment_status":"closed","ping_status":"closed","template":"","meta":{"footnotes":""},"class_list":["post-999","page","type-page","status-publish","hentry"],"yoast_head":"<!-- This site is optimized with the Yoast SEO plugin v27.3 - https:\/\/yoast.com\/product\/yoast-seo-wordpress\/ -->\n<title>Gracias Europa Documento - Curiara EU<\/title>\n<meta name=\"robots\" content=\"index, follow, max-snippet:-1, max-image-preview:large, max-video-preview:-1\" \/>\n<link rel=\"canonical\" href=\"https:\/\/curiara.com\/europa\/en\/graciasfirma\/\" \/>\n<meta property=\"og:locale\" content=\"en_GB\" \/>\n<meta property=\"og:type\" content=\"article\" \/>\n<meta property=\"og:title\" content=\"Gracias Europa Documento - Curiara EU\" \/>\n<meta property=\"og:description\" content=\"\u00a1Gracias por confiar en Curiara!\" \/>\n<meta property=\"og:url\" content=\"https:\/\/curiara.com\/europa\/en\/graciasfirma\/\" \/>\n<meta property=\"og:site_name\" content=\"Curiara EU\" \/>\n<meta property=\"article:publisher\" content=\"https:\/\/www.facebook.com\/enviatucuriara\/\" \/>\n<meta property=\"article:modified_time\" content=\"2024-10-29T15:53:01+00:00\" \/>\n<meta property=\"og:image\" content=\"http:\/\/curiara.com\/europa\/wp-content\/uploads\/sites\/2\/2024\/10\/banner-gracias-1024x332.png\" \/>\n<meta name=\"twitter:card\" content=\"summary_large_image\" \/>\n<meta name=\"twitter:site\" content=\"@enviatucuriara\" \/>\n<meta name=\"twitter:label1\" content=\"Estimated reading time\" \/>\n\t<meta name=\"twitter:data1\" content=\"1 minute\" \/>\n<script type=\"application\/ld+json\" class=\"yoast-schema-graph\">{\"@context\":\"https:\\\/\\\/schema.org\",\"@graph\":[{\"@type\":\"WebPage\",\"@id\":\"https:\\\/\\\/curiara.com\\\/europa\\\/graciasfirma\\\/\",\"url\":\"https:\\\/\\\/curiara.com\\\/europa\\\/graciasfirma\\\/\",\"name\":\"Gracias Europa Documento - Curiara EU\",\"isPartOf\":{\"@id\":\"https:\\\/\\\/curiara.com\\\/europa\\\/#website\"},\"primaryImageOfPage\":{\"@id\":\"https:\\\/\\\/curiara.com\\\/europa\\\/graciasfirma\\\/#primaryimage\"},\"image\":{\"@id\":\"https:\\\/\\\/curiara.com\\\/europa\\\/graciasfirma\\\/#primaryimage\"},\"thumbnailUrl\":\"http:\\\/\\\/curiara.com\\\/europa\\\/wp-content\\\/uploads\\\/sites\\\/2\\\/2024\\\/10\\\/banner-gracias-1024x332.png\",\"datePublished\":\"2024-10-29T11:00:32+00:00\",\"dateModified\":\"2024-10-29T15:53:01+00:00\",\"breadcrumb\":{\"@id\":\"https:\\\/\\\/curiara.com\\\/europa\\\/graciasfirma\\\/#breadcrumb\"},\"inLanguage\":\"en-GB\",\"potentialAction\":[{\"@type\":\"ReadAction\",\"target\":[\"https:\\\/\\\/curiara.com\\\/europa\\\/graciasfirma\\\/\"]}]},{\"@type\":\"ImageObject\",\"inLanguage\":\"en-GB\",\"@id\":\"https:\\\/\\\/curiara.com\\\/europa\\\/graciasfirma\\\/#primaryimage\",\"url\":\"http:\\\/\\\/curiara.com\\\/europa\\\/wp-content\\\/uploads\\\/sites\\\/2\\\/2024\\\/10\\\/banner-gracias-1024x332.png\",\"contentUrl\":\"http:\\\/\\\/curiara.com\\\/europa\\\/wp-content\\\/uploads\\\/sites\\\/2\\\/2024\\\/10\\\/banner-gracias-1024x332.png\"},{\"@type\":\"BreadcrumbList\",\"@id\":\"https:\\\/\\\/curiara.com\\\/europa\\\/graciasfirma\\\/#breadcrumb\",\"itemListElement\":[{\"@type\":\"ListItem\",\"position\":1,\"name\":\"Portada\",\"item\":\"https:\\\/\\\/curiara.com\\\/europa\\\/\"},{\"@type\":\"ListItem\",\"position\":2,\"name\":\"Gracias Europa Documento\"}]},{\"@type\":\"WebSite\",\"@id\":\"https:\\\/\\\/curiara.com\\\/europa\\\/#website\",\"url\":\"https:\\\/\\\/curiara.com\\\/europa\\\/\",\"name\":\"Curiara\",\"description\":\"Env\u00eda remesas, de Europa a Venezuela, con confianza y con la tasa m\u00e1s competitiva del mercado. Seguro, f\u00e1cil, r\u00e1pido. As\u00ed es Curiara.\",\"publisher\":{\"@id\":\"https:\\\/\\\/curiara.com\\\/europa\\\/#organization\"},\"alternateName\":\"Curiara\",\"potentialAction\":[{\"@type\":\"SearchAction\",\"target\":{\"@type\":\"EntryPoint\",\"urlTemplate\":\"https:\\\/\\\/curiara.com\\\/europa\\\/?s={search_term_string}\"},\"query-input\":{\"@type\":\"PropertyValueSpecification\",\"valueRequired\":true,\"valueName\":\"search_term_string\"}}],\"inLanguage\":\"en-GB\"},{\"@type\":\"Organization\",\"@id\":\"https:\\\/\\\/curiara.com\\\/europa\\\/#organization\",\"name\":\"Curiara\",\"alternateName\":\"Curiara\",\"url\":\"https:\\\/\\\/curiara.com\\\/europa\\\/\",\"logo\":{\"@type\":\"ImageObject\",\"inLanguage\":\"en-GB\",\"@id\":\"https:\\\/\\\/curiara.com\\\/europa\\\/#\\\/schema\\\/logo\\\/image\\\/\",\"url\":\"https:\\\/\\\/curiara.com\\\/europa\\\/wp-content\\\/uploads\\\/sites\\\/2\\\/2024\\\/05\\\/Logo-Europa.svg\",\"contentUrl\":\"https:\\\/\\\/curiara.com\\\/europa\\\/wp-content\\\/uploads\\\/sites\\\/2\\\/2024\\\/05\\\/Logo-Europa.svg\",\"width\":984,\"height\":271,\"caption\":\"Curiara\"},\"image\":{\"@id\":\"https:\\\/\\\/curiara.com\\\/europa\\\/#\\\/schema\\\/logo\\\/image\\\/\"},\"sameAs\":[\"https:\\\/\\\/www.facebook.com\\\/enviatucuriara\\\/\",\"https:\\\/\\\/x.com\\\/enviatucuriara\",\"https:\\\/\\\/www.instagram.com\\\/enviatucuriara\\\/?hl=es\",\"https:\\\/\\\/www.linkedin.com\\\/company\\\/curiara\\\/\"]}]}<\/script>\n<!-- \/ Yoast SEO plugin. -->","yoast_head_json":{"title":"Thank you Europa Document - Curiara EU","robots":{"index":"index","follow":"follow","max-snippet":"max-snippet:-1","max-image-preview":"max-image-preview:large","max-video-preview":"max-video-preview:-1"},"canonical":"https:\/\/curiara.com\/europa\/en\/graciasfirma\/","og_locale":"en_GB","og_type":"article","og_title":"Gracias Europa Documento - Curiara EU","og_description":"\u00a1Gracias por confiar en Curiara!","og_url":"https:\/\/curiara.com\/europa\/en\/graciasfirma\/","og_site_name":"Curiara EU","article_publisher":"https:\/\/www.facebook.com\/enviatucuriara\/","article_modified_time":"2024-10-29T15:53:01+00:00","og_image":[{"url":"http:\/\/curiara.com\/europa\/wp-content\/uploads\/sites\/2\/2024\/10\/banner-gracias-1024x332.png","type":"","width":"","height":""}],"twitter_card":"summary_large_image","twitter_site":"@enviatucuriara","twitter_misc":{"Estimated reading time":"1 minute"},"schema":{"@context":"https:\/\/schema.org","@graph":[{"@type":"WebPage","@id":"https:\/\/curiara.com\/europa\/graciasfirma\/","url":"https:\/\/curiara.com\/europa\/graciasfirma\/","name":"Thank you Europa Document - Curiara EU","isPartOf":{"@id":"https:\/\/curiara.com\/europa\/#website"},"primaryImageOfPage":{"@id":"https:\/\/curiara.com\/europa\/graciasfirma\/#primaryimage"},"image":{"@id":"https:\/\/curiara.com\/europa\/graciasfirma\/#primaryimage"},"thumbnailUrl":"http:\/\/curiara.com\/europa\/wp-content\/uploads\/sites\/2\/2024\/10\/banner-gracias-1024x332.png","datePublished":"2024-10-29T11:00:32+00:00","dateModified":"2024-10-29T15:53:01+00:00","breadcrumb":{"@id":"https:\/\/curiara.com\/europa\/graciasfirma\/#breadcrumb"},"inLanguage":"en-GB","potentialAction":[{"@type":"ReadAction","target":["https:\/\/curiara.com\/europa\/graciasfirma\/"]}]},{"@type":"ImageObject","inLanguage":"en-GB","@id":"https:\/\/curiara.com\/europa\/graciasfirma\/#primaryimage","url":"http:\/\/curiara.com\/europa\/wp-content\/uploads\/sites\/2\/2024\/10\/banner-gracias-1024x332.png","contentUrl":"http:\/\/curiara.com\/europa\/wp-content\/uploads\/sites\/2\/2024\/10\/banner-gracias-1024x332.png"},{"@type":"BreadcrumbList","@id":"https:\/\/curiara.com\/europa\/graciasfirma\/#breadcrumb","itemListElement":[{"@type":"ListItem","position":1,"name":"Portada","item":"https:\/\/curiara.com\/europa\/"},{"@type":"ListItem","position":2,"name":"Gracias Europa Documento"}]},{"@type":"WebSite","@id":"https:\/\/curiara.com\/europa\/#website","url":"https:\/\/curiara.com\/europa\/","name":"Curiara","description":"Send remittances, from Europe to Venezuela, with confidence and at the most competitive rate on the market. Safe, easy, fast. That's Curiara.","publisher":{"@id":"https:\/\/curiara.com\/europa\/#organization"},"alternateName":"Curiara","potentialAction":[{"@type":"SearchAction","target":{"@type":"EntryPoint","urlTemplate":"https:\/\/curiara.com\/europa\/?s={search_term_string}"},"query-input":{"@type":"PropertyValueSpecification","valueRequired":true,"valueName":"search_term_string"}}],"inLanguage":"en-GB"},{"@type":"Organization","@id":"https:\/\/curiara.com\/europa\/#organization","name":"Curiara","alternateName":"Curiara","url":"https:\/\/curiara.com\/europa\/","logo":{"@type":"ImageObject","inLanguage":"en-GB","@id":"https:\/\/curiara.com\/europa\/#\/schema\/logo\/image\/","url":"https:\/\/curiara.com\/europa\/wp-content\/uploads\/sites\/2\/2024\/05\/Logo-Europa.svg","contentUrl":"https:\/\/curiara.com\/europa\/wp-content\/uploads\/sites\/2\/2024\/05\/Logo-Europa.svg","width":984,"height":271,"caption":"Curiara"},"image":{"@id":"https:\/\/curiara.com\/europa\/#\/schema\/logo\/image\/"},"sameAs":["https:\/\/www.facebook.com\/enviatucuriara\/","https:\/\/x.com\/enviatucuriara","https:\/\/www.instagram.com\/enviatucuriara\/?hl=es","https:\/\/www.linkedin.com\/company\/curiara\/"]}]}},"_links":{"self":[{"href":"https:\/\/curiara.com\/europa\/en\/wp-json\/wp\/v2\/pages\/999","targetHints":{"allow":["GET"]}}],"collection":[{"href":"https:\/\/curiara.com\/europa\/en\/wp-json\/wp\/v2\/pages"}],"about":[{"href":"https:\/\/curiara.com\/europa\/en\/wp-json\/wp\/v2\/types\/page"}],"author":[{"embeddable":true,"href":"https:\/\/curiara.com\/europa\/en\/wp-json\/wp\/v2\/users\/7"}],"replies":[{"embeddable":true,"href":"https:\/\/curiara.com\/europa\/en\/wp-json\/wp\/v2\/comments?post=999"}],"version-history":[{"count":19,"href":"https:\/\/curiara.com\/europa\/en\/wp-json\/wp\/v2\/pages\/999\/revisions"}],"predecessor-version":[{"id":1034,"href":"https:\/\/curiara.com\/europa\/en\/wp-json\/wp\/v2\/pages\/999\/revisions\/1034"}],"wp:attachment":[{"href":"https:\/\/curiara.com\/europa\/en\/wp-json\/wp\/v2\/media?parent=999"}],"curies":[{"name":"wp","href":"https:\/\/api.w.org\/{rel}","templated":true}]}}