{"id":9087,"date":"2024-10-29T07:45:22","date_gmt":"2024-10-29T11:45:22","guid":{"rendered":"https:\/\/curiara.com\/?page_id=9087"},"modified":"2024-10-29T11:52:36","modified_gmt":"2024-10-29T15:52:36","slug":"graciasfirma","status":"publish","type":"page","link":"https:\/\/curiara.com\/en\/graciasfirma\/","title":{"rendered":"Thank you Usa Documentos"},"content":{"rendered":"<div data-elementor-type=\"wp-page\" data-elementor-id=\"9087\" class=\"elementor elementor-9087\" data-elementor-post-type=\"page\">\n\t\t\t\t<div class=\"elementor-element elementor-element-bfb1176 e-flex e-con-boxed e-con e-parent\" data-id=\"bfb1176\" data-element_type=\"container\" data-e-type=\"container\">\n\t\t\t\t\t<div class=\"e-con-inner\">\n\t\t\t\t<div class=\"elementor-element elementor-element-94fa1f3 elementor-widget elementor-widget-heading\" data-id=\"94fa1f3\" data-element_type=\"widget\" data-e-type=\"widget\" data-widget_type=\"heading.default\">\n\t\t\t\t<div class=\"elementor-widget-container\">\n\t\t\t\t\t<h2 class=\"elementor-heading-title elementor-size-default\">Thank you for trusting Curiara!<\/h2>\t\t\t\t<\/div>\n\t\t\t\t<\/div>\n\t\t\t\t\t<\/div>\n\t\t\t\t<\/div>\n\t\t<div class=\"elementor-element elementor-element-5bb56d2 e-flex e-con-boxed e-con e-parent\" data-id=\"5bb56d2\" data-element_type=\"container\" data-e-type=\"container\">\n\t\t\t\t\t<div class=\"e-con-inner\">\n\t\t\t\t<div class=\"elementor-element elementor-element-8440734 elementor-widget elementor-widget-image\" data-id=\"8440734\" data-element_type=\"widget\" data-e-type=\"widget\" data-widget_type=\"image.default\">\n\t\t\t\t<div class=\"elementor-widget-container\">\n\t\t\t\t\t\t\t\t\t\t\t\t\t\t\t<img fetchpriority=\"high\" decoding=\"async\" width=\"800\" height=\"259\" src=\"https:\/\/curiara.com\/wp-content\/uploads\/2024\/10\/banner-gracias-1024x332.png\" class=\"attachment-large size-large wp-image-9093\" alt=\"\" srcset=\"https:\/\/curiara.com\/wp-content\/uploads\/2024\/10\/banner-gracias-1024x332.png 1024w, https:\/\/curiara.com\/wp-content\/uploads\/2024\/10\/banner-gracias-300x97.png 300w, https:\/\/curiara.com\/wp-content\/uploads\/2024\/10\/banner-gracias-768x249.png 768w, https:\/\/curiara.com\/wp-content\/uploads\/2024\/10\/banner-gracias-18x6.png 18w, https:\/\/curiara.com\/wp-content\/uploads\/2024\/10\/banner-gracias.png 1080w\" sizes=\"(max-width: 800px) 100vw, 800px\" \/>\t\t\t\t\t\t\t\t\t\t\t\t\t\t\t<\/div>\n\t\t\t\t<\/div>\n\t\t\t\t\t<\/div>\n\t\t\t\t<\/div>\n\t\t\t\t<\/div>","protected":false},"excerpt":{"rendered":"<p>Thank you for trusting Curiara!<\/p>","protected":false},"author":7,"featured_media":0,"parent":0,"menu_order":0,"comment_status":"closed","ping_status":"closed","template":"","meta":{"footnotes":""},"class_list":["post-9087","page","type-page","status-publish","hentry"],"yoast_head":"<!-- This site is optimized with the Yoast SEO plugin v27.3 - https:\/\/yoast.com\/product\/yoast-seo-wordpress\/ -->\n<title>Gracias Usa Documentos - Curiara US<\/title>\n<meta name=\"robots\" content=\"index, follow, max-snippet:-1, max-image-preview:large, max-video-preview:-1\" \/>\n<link rel=\"canonical\" href=\"https:\/\/curiara.com\/en\/graciasfirma\/\" \/>\n<meta property=\"og:locale\" content=\"en_US\" \/>\n<meta property=\"og:type\" content=\"article\" \/>\n<meta property=\"og:title\" content=\"Gracias Usa Documentos - Curiara US\" \/>\n<meta property=\"og:description\" content=\"\u00a1Gracias por confiar en Curiara!\u200b\" \/>\n<meta property=\"og:url\" content=\"https:\/\/curiara.com\/en\/graciasfirma\/\" \/>\n<meta property=\"og:site_name\" content=\"Curiara US\" \/>\n<meta property=\"article:publisher\" content=\"https:\/\/www.facebook.com\/enviatucuriara\/\" \/>\n<meta property=\"article:modified_time\" content=\"2024-10-29T15:52:36+00:00\" \/>\n<meta property=\"og:image\" content=\"http:\/\/curiara.com\/wp-content\/uploads\/2024\/10\/banner-gracias-1024x332.png\" \/>\n<meta name=\"twitter:card\" content=\"summary_large_image\" \/>\n<meta name=\"twitter:site\" content=\"@enviatucuriara\" \/>\n<meta name=\"twitter:label1\" content=\"Est. reading time\" \/>\n\t<meta name=\"twitter:data1\" content=\"1 minute\" \/>\n<script type=\"application\/ld+json\" class=\"yoast-schema-graph\">{\"@context\":\"https:\\\/\\\/schema.org\",\"@graph\":[{\"@type\":\"WebPage\",\"@id\":\"https:\\\/\\\/curiara.com\\\/graciasfirma\\\/\",\"url\":\"https:\\\/\\\/curiara.com\\\/graciasfirma\\\/\",\"name\":\"Gracias Usa Documentos - Curiara US\",\"isPartOf\":{\"@id\":\"https:\\\/\\\/curiara.com\\\/#website\"},\"primaryImageOfPage\":{\"@id\":\"https:\\\/\\\/curiara.com\\\/graciasfirma\\\/#primaryimage\"},\"image\":{\"@id\":\"https:\\\/\\\/curiara.com\\\/graciasfirma\\\/#primaryimage\"},\"thumbnailUrl\":\"http:\\\/\\\/curiara.com\\\/wp-content\\\/uploads\\\/2024\\\/10\\\/banner-gracias-1024x332.png\",\"datePublished\":\"2024-10-29T11:45:22+00:00\",\"dateModified\":\"2024-10-29T15:52:36+00:00\",\"breadcrumb\":{\"@id\":\"https:\\\/\\\/curiara.com\\\/graciasfirma\\\/#breadcrumb\"},\"inLanguage\":\"en-US\",\"potentialAction\":[{\"@type\":\"ReadAction\",\"target\":[\"https:\\\/\\\/curiara.com\\\/graciasfirma\\\/\"]}]},{\"@type\":\"ImageObject\",\"inLanguage\":\"en-US\",\"@id\":\"https:\\\/\\\/curiara.com\\\/graciasfirma\\\/#primaryimage\",\"url\":\"http:\\\/\\\/curiara.com\\\/wp-content\\\/uploads\\\/2024\\\/10\\\/banner-gracias-1024x332.png\",\"contentUrl\":\"http:\\\/\\\/curiara.com\\\/wp-content\\\/uploads\\\/2024\\\/10\\\/banner-gracias-1024x332.png\"},{\"@type\":\"BreadcrumbList\",\"@id\":\"https:\\\/\\\/curiara.com\\\/graciasfirma\\\/#breadcrumb\",\"itemListElement\":[{\"@type\":\"ListItem\",\"position\":1,\"name\":\"Portada\",\"item\":\"https:\\\/\\\/curiara.com\\\/\"},{\"@type\":\"ListItem\",\"position\":2,\"name\":\"Gracias Usa Documentos\"}]},{\"@type\":\"WebSite\",\"@id\":\"https:\\\/\\\/curiara.com\\\/#website\",\"url\":\"https:\\\/\\\/curiara.com\\\/\",\"name\":\"Curiara\",\"description\":\"Env\u00eda remesas, de USA a Venezuela, con confianza y con la tasa m\u00e1s competitivas del mercado. Seguro, f\u00e1cil, r\u00e1pido. As\u00ed es Curiara.\",\"publisher\":{\"@id\":\"https:\\\/\\\/curiara.com\\\/#organization\"},\"alternateName\":\"Curiara\",\"potentialAction\":[{\"@type\":\"SearchAction\",\"target\":{\"@type\":\"EntryPoint\",\"urlTemplate\":\"https:\\\/\\\/curiara.com\\\/?s={search_term_string}\"},\"query-input\":{\"@type\":\"PropertyValueSpecification\",\"valueRequired\":true,\"valueName\":\"search_term_string\"}}],\"inLanguage\":\"en-US\"},{\"@type\":\"Organization\",\"@id\":\"https:\\\/\\\/curiara.com\\\/#organization\",\"name\":\"Curiara\",\"alternateName\":\"Curiara\",\"url\":\"https:\\\/\\\/curiara.com\\\/\",\"logo\":{\"@type\":\"ImageObject\",\"inLanguage\":\"en-US\",\"@id\":\"https:\\\/\\\/curiara.com\\\/#\\\/schema\\\/logo\\\/image\\\/\",\"url\":\"https:\\\/\\\/curiara.com\\\/wp-content\\\/uploads\\\/2024\\\/05\\\/Logo-America.svg\",\"contentUrl\":\"https:\\\/\\\/curiara.com\\\/wp-content\\\/uploads\\\/2024\\\/05\\\/Logo-America.svg\",\"width\":984,\"height\":256,\"caption\":\"Curiara\"},\"image\":{\"@id\":\"https:\\\/\\\/curiara.com\\\/#\\\/schema\\\/logo\\\/image\\\/\"},\"sameAs\":[\"https:\\\/\\\/www.facebook.com\\\/enviatucuriara\\\/\",\"https:\\\/\\\/x.com\\\/enviatucuriara\",\"https:\\\/\\\/www.linkedin.com\\\/company\\\/curiara\\\/\",\"https:\\\/\\\/www.instagram.com\\\/enviatucuriara\\\/?hl=es\"]}]}<\/script>\n<!-- \/ Yoast SEO plugin. -->","yoast_head_json":{"title":"Thank you Usa Documents - Curiara US","robots":{"index":"index","follow":"follow","max-snippet":"max-snippet:-1","max-image-preview":"max-image-preview:large","max-video-preview":"max-video-preview:-1"},"canonical":"https:\/\/curiara.com\/en\/graciasfirma\/","og_locale":"en_US","og_type":"article","og_title":"Gracias Usa Documentos - Curiara US","og_description":"\u00a1Gracias por confiar en Curiara!\u200b","og_url":"https:\/\/curiara.com\/en\/graciasfirma\/","og_site_name":"Curiara US","article_publisher":"https:\/\/www.facebook.com\/enviatucuriara\/","article_modified_time":"2024-10-29T15:52:36+00:00","og_image":[{"url":"http:\/\/curiara.com\/wp-content\/uploads\/2024\/10\/banner-gracias-1024x332.png","type":"","width":"","height":""}],"twitter_card":"summary_large_image","twitter_site":"@enviatucuriara","twitter_misc":{"Est. reading time":"1 minute"},"schema":{"@context":"https:\/\/schema.org","@graph":[{"@type":"WebPage","@id":"https:\/\/curiara.com\/graciasfirma\/","url":"https:\/\/curiara.com\/graciasfirma\/","name":"Thank you Usa Documents - Curiara US","isPartOf":{"@id":"https:\/\/curiara.com\/#website"},"primaryImageOfPage":{"@id":"https:\/\/curiara.com\/graciasfirma\/#primaryimage"},"image":{"@id":"https:\/\/curiara.com\/graciasfirma\/#primaryimage"},"thumbnailUrl":"http:\/\/curiara.com\/wp-content\/uploads\/2024\/10\/banner-gracias-1024x332.png","datePublished":"2024-10-29T11:45:22+00:00","dateModified":"2024-10-29T15:52:36+00:00","breadcrumb":{"@id":"https:\/\/curiara.com\/graciasfirma\/#breadcrumb"},"inLanguage":"en-US","potentialAction":[{"@type":"ReadAction","target":["https:\/\/curiara.com\/graciasfirma\/"]}]},{"@type":"ImageObject","inLanguage":"en-US","@id":"https:\/\/curiara.com\/graciasfirma\/#primaryimage","url":"http:\/\/curiara.com\/wp-content\/uploads\/2024\/10\/banner-gracias-1024x332.png","contentUrl":"http:\/\/curiara.com\/wp-content\/uploads\/2024\/10\/banner-gracias-1024x332.png"},{"@type":"BreadcrumbList","@id":"https:\/\/curiara.com\/graciasfirma\/#breadcrumb","itemListElement":[{"@type":"ListItem","position":1,"name":"Portada","item":"https:\/\/curiara.com\/"},{"@type":"ListItem","position":2,"name":"Gracias Usa Documentos"}]},{"@type":"WebSite","@id":"https:\/\/curiara.com\/#website","url":"https:\/\/curiara.com\/","name":"Curiara","description":"Send remittances, from USA to Venezuela, with confidence and with the most competitive rate in the market. Safe, easy, fast. That's Curiara.","publisher":{"@id":"https:\/\/curiara.com\/#organization"},"alternateName":"Curiara","potentialAction":[{"@type":"SearchAction","target":{"@type":"EntryPoint","urlTemplate":"https:\/\/curiara.com\/?s={search_term_string}"},"query-input":{"@type":"PropertyValueSpecification","valueRequired":true,"valueName":"search_term_string"}}],"inLanguage":"en-US"},{"@type":"Organization","@id":"https:\/\/curiara.com\/#organization","name":"Curiara","alternateName":"Curiara","url":"https:\/\/curiara.com\/","logo":{"@type":"ImageObject","inLanguage":"en-US","@id":"https:\/\/curiara.com\/#\/schema\/logo\/image\/","url":"https:\/\/curiara.com\/wp-content\/uploads\/2024\/05\/Logo-America.svg","contentUrl":"https:\/\/curiara.com\/wp-content\/uploads\/2024\/05\/Logo-America.svg","width":984,"height":256,"caption":"Curiara"},"image":{"@id":"https:\/\/curiara.com\/#\/schema\/logo\/image\/"},"sameAs":["https:\/\/www.facebook.com\/enviatucuriara\/","https:\/\/x.com\/enviatucuriara","https:\/\/www.linkedin.com\/company\/curiara\/","https:\/\/www.instagram.com\/enviatucuriara\/?hl=es"]}]}},"_links":{"self":[{"href":"https:\/\/curiara.com\/en\/wp-json\/wp\/v2\/pages\/9087","targetHints":{"allow":["GET"]}}],"collection":[{"href":"https:\/\/curiara.com\/en\/wp-json\/wp\/v2\/pages"}],"about":[{"href":"https:\/\/curiara.com\/en\/wp-json\/wp\/v2\/types\/page"}],"author":[{"embeddable":true,"href":"https:\/\/curiara.com\/en\/wp-json\/wp\/v2\/users\/7"}],"replies":[{"embeddable":true,"href":"https:\/\/curiara.com\/en\/wp-json\/wp\/v2\/comments?post=9087"}],"version-history":[{"count":7,"href":"https:\/\/curiara.com\/en\/wp-json\/wp\/v2\/pages\/9087\/revisions"}],"predecessor-version":[{"id":9096,"href":"https:\/\/curiara.com\/en\/wp-json\/wp\/v2\/pages\/9087\/revisions\/9096"}],"wp:attachment":[{"href":"https:\/\/curiara.com\/en\/wp-json\/wp\/v2\/media?parent=9087"}],"curies":[{"name":"wp","href":"https:\/\/api.w.org\/{rel}","templated":true}]}}