{"id":37,"date":"2024-05-21T11:08:34","date_gmt":"2024-05-21T15:08:34","guid":{"rendered":"https:\/\/curiara.com\/?page_id=37"},"modified":"2024-06-20T10:13:56","modified_gmt":"2024-06-20T14:13:56","slug":"inviting-friends","status":"publish","type":"page","link":"https:\/\/curiara.com\/en\/invitando-amigos\/","title":{"rendered":"Earn by inviting friends"},"content":{"rendered":"\t\t<div data-elementor-type=\"wp-page\" data-elementor-id=\"37\" class=\"elementor elementor-37\" data-elementor-post-type=\"page\">\n\t\t\t\t<div class=\"elementor-element elementor-element-e3c35ad e-flex e-con-boxed e-con e-parent\" data-id=\"e3c35ad\" data-element_type=\"container\" data-e-type=\"container\">\n\t\t\t\t\t<div class=\"e-con-inner\">\n\t\t\t\t<div class=\"elementor-element elementor-element-4df9592 elementor-widget elementor-widget-heading\" data-id=\"4df9592\" data-element_type=\"widget\" data-e-type=\"widget\" data-widget_type=\"heading.default\">\n\t\t\t\t<div class=\"elementor-widget-container\">\n\t\t\t\t\t<h1 class=\"elementor-heading-title elementor-size-default\">Gana invitando amigos<\/h1>\t\t\t\t<\/div>\n\t\t\t\t<\/div>\n\t\t\t\t\t<\/div>\n\t\t\t\t<\/div>\n\t\t<div class=\"elementor-element elementor-element-cb044a1 e-flex e-con-boxed e-con e-parent\" data-id=\"cb044a1\" data-element_type=\"container\" data-e-type=\"container\">\n\t\t\t\t\t<div class=\"e-con-inner\">\n\t\t<div class=\"elementor-element elementor-element-bd0e108 e-con-full e-flex e-con e-child\" data-id=\"bd0e108\" data-element_type=\"container\" data-e-type=\"container\">\n\t\t\t\t<div class=\"elementor-element elementor-element-541dc68 elementor-widget elementor-widget-text-editor\" data-id=\"541dc68\" data-element_type=\"widget\" data-e-type=\"widget\" data-widget_type=\"text-editor.default\">\n\t\t\t\t<div class=\"elementor-widget-container\">\n\t\t\t\t\t\t\t\t\t<p>Con nuestro programa\u00a0<a href=\"https:\/\/app-us.curiara.com\/#\/ext\/signup\/es-ES\">INVITA A TUS AMIGOS<\/a>, todos ganan.<strong>\u00a0\u00a1Gana invitando amigos!<\/strong><\/p><p>Para invitar amigos, tienes que ser cliente de Curiara e invitarlos desde tu cuenta. Por cada amigo a quien t\u00fa refieras, que se registre y env\u00ede una Curiara, ganas 20$. Cinco amigos: 100\u00a2 \u00a1As\u00ed de f\u00e1cil!<\/p><p>Y a cada uno de los amigos que invites, cuando se registren, les regalaremos 10$ para enviar su primera remesa.<\/p><p>\u00a1Todos ganan!<\/p><p>\u2714\ufe0fT\u00fa ganas 20$ x amigo registrado que haya enviado una remesa<\/p><p>\u2714\ufe0fTu amigo gana 10$ y lo mejor de todo, en adelante, mandar\u00e1 sus remesas de manera m\u00e1s segura, m\u00e1s r\u00e1pida y con la mejor tasa garantizada.<\/p><p>\u00bfC\u00f3mo los invitas?<\/p><p>ES IMPRESCINDIBLE QUE TUS AMIGOS SIGAN EL ENLACE QUE T\u00da LES ENV\u00cdES. DE LO CONTRARIO, NO TENEMOS MANERA DE VINCULARLO CONTIGO.<\/p><p>\u00bfY de d\u00f3nde sacas ese enlace?<\/p><p>Si accedes a Curiara a trav\u00e9s de la APP, selecciona la cajita de regalo \ud83c\udf81. Los podr\u00e1s invitar por WhatsApp, email, SMS o copiando tu enlace personalizado.<\/p>\t\t\t\t\t\t\t\t<\/div>\n\t\t\t\t<\/div>\n\t\t\t\t<div class=\"elementor-element elementor-element-6187365 elementor-widget elementor-widget-gallery\" data-id=\"6187365\" data-element_type=\"widget\" data-e-type=\"widget\" data-settings=\"{&quot;gallery_layout&quot;:&quot;masonry&quot;,&quot;columns&quot;:3,&quot;lazyload&quot;:&quot;yes&quot;,&quot;columns_tablet&quot;:2,&quot;columns_mobile&quot;:1,&quot;gap&quot;:{&quot;unit&quot;:&quot;px&quot;,&quot;size&quot;:10,&quot;sizes&quot;:[]},&quot;gap_tablet&quot;:{&quot;unit&quot;:&quot;px&quot;,&quot;size&quot;:10,&quot;sizes&quot;:[]},&quot;gap_mobile&quot;:{&quot;unit&quot;:&quot;px&quot;,&quot;size&quot;:10,&quot;sizes&quot;:[]},&quot;content_hover_animation&quot;:&quot;fade-in&quot;}\" data-widget_type=\"gallery.default\">\n\t\t\t\t<div class=\"elementor-widget-container\">\n\t\t\t\t\t\t\t<div class=\"elementor-gallery__container\">\n\t\t\t\t\t\t\t<div class=\"e-gallery-item elementor-gallery-item elementor-animated-content\">\n\t\t\t\t\t<div class=\"e-gallery-image elementor-gallery-item__image\" data-thumbnail=\"https:\/\/curiara.com\/wp-content\/uploads\/2024\/05\/Blog-Web-1-300x169-1.webp\" data-width=\"300\" data-height=\"169\" aria-label=\"\" role=\"img\" ><\/div>\n\t\t\t\t\t\t\t\t\t\t\t\t\t\t<\/div>\n\t\t\t\t\t\t\t<div class=\"e-gallery-item elementor-gallery-item elementor-animated-content\">\n\t\t\t\t\t<div class=\"e-gallery-image elementor-gallery-item__image\" data-thumbnail=\"https:\/\/curiara.com\/wp-content\/uploads\/2024\/05\/IMG_7226-139x300-1.jpg\" data-width=\"139\" data-height=\"300\" aria-label=\"\" role=\"img\" ><\/div>\n\t\t\t\t\t\t\t\t\t\t\t\t\t\t<\/div>\n\t\t\t\t\t\t\t<div class=\"e-gallery-item elementor-gallery-item elementor-animated-content\">\n\t\t\t\t\t<div class=\"e-gallery-image elementor-gallery-item__image\" data-thumbnail=\"https:\/\/curiara.com\/wp-content\/uploads\/2024\/05\/IMG_7227-139x300-1.png\" data-width=\"139\" data-height=\"300\" aria-label=\"\" role=\"img\" ><\/div>\n\t\t\t\t\t\t\t\t\t\t\t\t\t\t<\/div>\n\t\t\t\t\t<\/div>\n\t\t\t\t\t<\/div>\n\t\t\t\t<\/div>\n\t\t\t\t<div class=\"elementor-element elementor-element-bef78ab elementor-widget elementor-widget-text-editor\" data-id=\"bef78ab\" data-element_type=\"widget\" data-e-type=\"widget\" data-widget_type=\"text-editor.default\">\n\t\t\t\t<div class=\"elementor-widget-container\">\n\t\t\t\t\t\t\t\t\t<p>Si accedes a Curiara a trav\u00e9s de la web, selecciona en el men\u00fa \u201cInvita Amigos\u201d. Los podr\u00e1s invitar por email o copiando tu enlace personalizado.<\/p>\t\t\t\t\t\t\t\t<\/div>\n\t\t\t\t<\/div>\n\t\t\t\t<div class=\"elementor-element elementor-element-77dc524 elementor-widget elementor-widget-gallery\" data-id=\"77dc524\" data-element_type=\"widget\" data-e-type=\"widget\" data-settings=\"{&quot;gallery_layout&quot;:&quot;masonry&quot;,&quot;columns&quot;:2,&quot;lazyload&quot;:&quot;yes&quot;,&quot;columns_tablet&quot;:2,&quot;columns_mobile&quot;:1,&quot;gap&quot;:{&quot;unit&quot;:&quot;px&quot;,&quot;size&quot;:10,&quot;sizes&quot;:[]},&quot;gap_tablet&quot;:{&quot;unit&quot;:&quot;px&quot;,&quot;size&quot;:10,&quot;sizes&quot;:[]},&quot;gap_mobile&quot;:{&quot;unit&quot;:&quot;px&quot;,&quot;size&quot;:10,&quot;sizes&quot;:[]},&quot;content_hover_animation&quot;:&quot;fade-in&quot;}\" data-widget_type=\"gallery.default\">\n\t\t\t\t<div class=\"elementor-widget-container\">\n\t\t\t\t\t\t\t<div class=\"elementor-gallery__container\">\n\t\t\t\t\t\t\t<div class=\"e-gallery-item elementor-gallery-item elementor-animated-content\">\n\t\t\t\t\t<div class=\"e-gallery-image elementor-gallery-item__image\" data-thumbnail=\"https:\/\/curiara.com\/wp-content\/uploads\/2024\/05\/IMG_7228-1-139x300-1.jpg\" data-width=\"139\" data-height=\"300\" aria-label=\"\" role=\"img\" ><\/div>\n\t\t\t\t\t\t\t\t\t\t\t\t\t\t<\/div>\n\t\t\t\t\t\t\t<div class=\"e-gallery-item elementor-gallery-item elementor-animated-content\">\n\t\t\t\t\t<div class=\"e-gallery-image elementor-gallery-item__image\" data-thumbnail=\"https:\/\/curiara.com\/wp-content\/uploads\/2024\/05\/IMG_7229-139x300-1.png\" data-width=\"139\" data-height=\"300\" aria-label=\"\" role=\"img\" ><\/div>\n\t\t\t\t\t\t\t\t\t\t\t\t\t\t<\/div>\n\t\t\t\t\t<\/div>\n\t\t\t\t\t<\/div>\n\t\t\t\t<\/div>\n\t\t\t\t<div class=\"elementor-element elementor-element-04dc1ad elementor-widget elementor-widget-text-editor\" data-id=\"04dc1ad\" data-element_type=\"widget\" data-e-type=\"widget\" data-widget_type=\"text-editor.default\">\n\t\t\t\t<div class=\"elementor-widget-container\">\n\t\t\t\t\t\t\t\t\t<p>ATENCI\u00d3N: Tus amigos no pueden ser clientes de Curiara. Tienen que ser personas que se registran por primera vez.<\/p><p>Mientras m\u00e1s amigos invites m\u00e1s dinero ganar\u00e1s. No hay l\u00edmite m\u00e1ximo de amigos.<\/p><p>\u00bfQu\u00e9 esperas? \u00a1Gana invitando amigos!<\/p>\t\t\t\t\t\t\t\t<\/div>\n\t\t\t\t<\/div>\n\t\t\t\t<\/div>\n\t\t<div class=\"elementor-element elementor-element-32603b6 e-con-full e-flex e-con e-child\" data-id=\"32603b6\" data-element_type=\"container\" data-e-type=\"container\">\n\t\t<div class=\"elementor-element elementor-element-ad7f958 e-flex e-con-boxed e-con e-child\" data-id=\"ad7f958\" data-element_type=\"container\" data-e-type=\"container\" data-settings=\"{&quot;background_background&quot;:&quot;classic&quot;,&quot;sticky&quot;:&quot;top&quot;,&quot;sticky_on&quot;:[&quot;desktop&quot;,&quot;tablet&quot;],&quot;sticky_offset&quot;:120,&quot;sticky_parent&quot;:&quot;yes&quot;,&quot;sticky_effects_offset&quot;:0,&quot;sticky_anchor_link_offset&quot;:0}\">\n\t\t\t\t\t<div class=\"e-con-inner\">\n\t\t\t\t<div class=\"elementor-element elementor-element-7dfb692 elementor-widget elementor-widget-heading\" data-id=\"7dfb692\" data-element_type=\"widget\" data-e-type=\"widget\" data-widget_type=\"heading.default\">\n\t\t\t\t<div class=\"elementor-widget-container\">\n\t\t\t\t\t<p class=\"elementor-heading-title elementor-size-default\">Probar Curiara<\/p>\t\t\t\t<\/div>\n\t\t\t\t<\/div>\n\t\t\t\t<div class=\"elementor-element elementor-element-4b1558d elementor-widget elementor-widget-image\" data-id=\"4b1558d\" data-element_type=\"widget\" data-e-type=\"widget\" data-widget_type=\"image.default\">\n\t\t\t\t<div class=\"elementor-widget-container\">\n\t\t\t\t\t\t\t\t\t\t\t\t\t\t\t\t<a href=\"https:\/\/apps.apple.com\/us\/app\/curiara-america\/id1617640969\" target=\"_blank\">\n\t\t\t\t\t\t\t<img decoding=\"async\" width=\"240\" height=\"73\" src=\"https:\/\/curiara.com\/wp-content\/uploads\/2024\/05\/App_Store_Badge-1-2.webp\" class=\"elementor-animation-grow attachment-full size-full wp-image-12\" alt=\"APP Store Curiara\" \/>\t\t\t\t\t\t\t\t<\/a>\n\t\t\t\t\t\t\t\t\t\t\t\t\t\t\t<\/div>\n\t\t\t\t<\/div>\n\t\t\t\t<div class=\"elementor-element elementor-element-a5712e8 elementor-widget elementor-widget-image\" data-id=\"a5712e8\" data-element_type=\"widget\" data-e-type=\"widget\" data-widget_type=\"image.default\">\n\t\t\t\t<div class=\"elementor-widget-container\">\n\t\t\t\t\t\t\t\t\t\t\t\t\t\t\t\t<a href=\"https:\/\/play.google.com\/store\/apps\/details?id=com.curiara.sendmoneyusa&#038;hl=es_419&#038;gl=US\" target=\"_blank\">\n\t\t\t\t\t\t\t<img decoding=\"async\" width=\"300\" height=\"91\" src=\"https:\/\/curiara.com\/wp-content\/uploads\/2024\/05\/Google_Play_Badge-300x91-1.webp\" class=\"elementor-animation-grow attachment-full size-full wp-image-13\" alt=\"Google Pay Curiara\" \/>\t\t\t\t\t\t\t\t<\/a>\n\t\t\t\t\t\t\t\t\t\t\t\t\t\t\t<\/div>\n\t\t\t\t<\/div>\n\t\t\t\t<div class=\"elementor-element elementor-element-bbc37b6 elementor-widget elementor-widget-image\" data-id=\"bbc37b6\" data-element_type=\"widget\" data-e-type=\"widget\" data-widget_type=\"image.default\">\n\t\t\t\t<div class=\"elementor-widget-container\">\n\t\t\t\t\t\t\t\t\t\t\t\t\t\t\t<img fetchpriority=\"high\" decoding=\"async\" width=\"284\" height=\"429\" src=\"https:\/\/curiara.com\/wp-content\/uploads\/2024\/05\/curiara-movil_sidebar-1.png\" class=\"attachment-full size-full wp-image-8289\" alt=\"curiara movil\" srcset=\"https:\/\/curiara.com\/wp-content\/uploads\/2024\/05\/curiara-movil_sidebar-1.png 284w, https:\/\/curiara.com\/wp-content\/uploads\/2024\/05\/curiara-movil_sidebar-1-199x300.png 199w\" sizes=\"(max-width: 284px) 100vw, 284px\" \/>\t\t\t\t\t\t\t\t\t\t\t\t\t\t\t<\/div>\n\t\t\t\t<\/div>\n\t\t\t\t\t<\/div>\n\t\t\t\t<\/div>\n\t\t\t\t<\/div>\n\t\t\t\t\t<\/div>\n\t\t\t\t<\/div>\n\t\t\t\t<\/div>\n\t\t","protected":false},"excerpt":{"rendered":"<p>\/*! elementor &#8211; v3.21.0 &#8211; 22-05-2024 *\/ .elementor-heading-title{padding:0;margin:0;line-height:1}.elementor-widget-heading .elementor-heading-title[class*=elementor-size-]&gt;a{color:inherit;font-size:inherit;line-height:inherit}.elementor-widget-heading .elementor-heading-title.elementor-size-small{font-size:15px}.elementor-widget-heading .elementor-heading-title.elementor-size-medium{font-size:19px}.elementor-widget-heading .elementor-heading-title.elementor-size-large{font-size:29px}.elementor-widget-heading .elementor-heading-title.elementor-size-xl{font-size:39px}.elementor-widget-heading .elementor-heading-title.elementor-size-xxl{font-size:59px} Gana invitando amigos Con nuestro programa\u00a0INVITA A TUS AMIGOS, todos ganan.\u00a0\u00a1Gana invitando amigos! Para invitar amigos, tienes que ser cliente de Curiara e invitarlos desde tu cuenta. Por cada amigo a quien t\u00fa refieras, que se registre y env\u00ede una Curiara, [&hellip;]<\/p>\n","protected":false},"author":6,"featured_media":0,"parent":0,"menu_order":0,"comment_status":"closed","ping_status":"closed","template":"","meta":{"footnotes":""},"class_list":["post-37","page","type-page","status-publish","hentry"],"yoast_head":"<!-- This site is optimized with the Yoast SEO plugin v27.3 - https:\/\/yoast.com\/product\/yoast-seo-wordpress\/ -->\n<title>Gana invitando amigos | Env\u00eda dinero a Venezuela desde Florida<\/title>\n<meta name=\"description\" content=\"Con nuestra promoci\u00f3n &quot;Gana invitando amigos&quot; podr\u00e1s beneficiarte de incre\u00edbles descuentos para tus pr\u00f3ximos env\u00edos de remesas.\" \/>\n<meta name=\"robots\" content=\"index, follow, max-snippet:-1, max-image-preview:large, max-video-preview:-1\" \/>\n<link rel=\"canonical\" href=\"https:\/\/curiara.com\/en\/inviting-friends\/\" \/>\n<meta property=\"og:locale\" content=\"en_US\" \/>\n<meta property=\"og:type\" content=\"article\" \/>\n<meta property=\"og:title\" content=\"Gana invitando amigos | Env\u00eda dinero a Venezuela desde Florida\" \/>\n<meta property=\"og:description\" content=\"Con nuestra promoci\u00f3n &quot;Gana invitando amigos&quot; podr\u00e1s beneficiarte de incre\u00edbles descuentos para tus pr\u00f3ximos env\u00edos de remesas.\" \/>\n<meta property=\"og:url\" content=\"https:\/\/curiara.com\/en\/inviting-friends\/\" \/>\n<meta property=\"og:site_name\" content=\"Curiara US\" \/>\n<meta property=\"article:publisher\" content=\"https:\/\/www.facebook.com\/enviatucuriara\/\" \/>\n<meta property=\"article:modified_time\" content=\"2024-06-20T14:13:56+00:00\" \/>\n<meta property=\"og:image\" content=\"http:\/\/curiara.com\/wp-content\/uploads\/2024\/05\/App_Store_Badge-1-2.webp\" \/>\n<meta name=\"twitter:card\" content=\"summary_large_image\" \/>\n<meta name=\"twitter:site\" content=\"@enviatucuriara\" \/>\n<meta name=\"twitter:label1\" content=\"Est. reading time\" \/>\n\t<meta name=\"twitter:data1\" content=\"2 minutes\" \/>\n<script type=\"application\/ld+json\" class=\"yoast-schema-graph\">{\"@context\":\"https:\\\/\\\/schema.org\",\"@graph\":[{\"@type\":\"WebPage\",\"@id\":\"https:\\\/\\\/curiara.com\\\/invitando-amigos\\\/\",\"url\":\"https:\\\/\\\/curiara.com\\\/invitando-amigos\\\/\",\"name\":\"Gana invitando amigos | Env\u00eda dinero a Venezuela desde Florida\",\"isPartOf\":{\"@id\":\"https:\\\/\\\/curiara.com\\\/#website\"},\"primaryImageOfPage\":{\"@id\":\"https:\\\/\\\/curiara.com\\\/invitando-amigos\\\/#primaryimage\"},\"image\":{\"@id\":\"https:\\\/\\\/curiara.com\\\/invitando-amigos\\\/#primaryimage\"},\"thumbnailUrl\":\"http:\\\/\\\/curiara.com\\\/wp-content\\\/uploads\\\/2024\\\/05\\\/App_Store_Badge-1-2.webp\",\"datePublished\":\"2024-05-21T15:08:34+00:00\",\"dateModified\":\"2024-06-20T14:13:56+00:00\",\"description\":\"Con nuestra promoci\u00f3n \\\"Gana invitando amigos\\\" podr\u00e1s beneficiarte de incre\u00edbles descuentos para tus pr\u00f3ximos env\u00edos de remesas.\",\"breadcrumb\":{\"@id\":\"https:\\\/\\\/curiara.com\\\/invitando-amigos\\\/#breadcrumb\"},\"inLanguage\":\"en-US\",\"potentialAction\":[{\"@type\":\"ReadAction\",\"target\":[\"https:\\\/\\\/curiara.com\\\/invitando-amigos\\\/\"]}]},{\"@type\":\"ImageObject\",\"inLanguage\":\"en-US\",\"@id\":\"https:\\\/\\\/curiara.com\\\/invitando-amigos\\\/#primaryimage\",\"url\":\"http:\\\/\\\/curiara.com\\\/wp-content\\\/uploads\\\/2024\\\/05\\\/App_Store_Badge-1-2.webp\",\"contentUrl\":\"http:\\\/\\\/curiara.com\\\/wp-content\\\/uploads\\\/2024\\\/05\\\/App_Store_Badge-1-2.webp\"},{\"@type\":\"BreadcrumbList\",\"@id\":\"https:\\\/\\\/curiara.com\\\/invitando-amigos\\\/#breadcrumb\",\"itemListElement\":[{\"@type\":\"ListItem\",\"position\":1,\"name\":\"Portada\",\"item\":\"https:\\\/\\\/curiara.com\\\/\"},{\"@type\":\"ListItem\",\"position\":2,\"name\":\"Gana invitando amigos\"}]},{\"@type\":\"WebSite\",\"@id\":\"https:\\\/\\\/curiara.com\\\/#website\",\"url\":\"https:\\\/\\\/curiara.com\\\/\",\"name\":\"Curiara\",\"description\":\"Env\u00eda remesas, de USA a Venezuela, con confianza y con la tasa m\u00e1s competitivas del mercado. Seguro, f\u00e1cil, r\u00e1pido. As\u00ed es Curiara.\",\"publisher\":{\"@id\":\"https:\\\/\\\/curiara.com\\\/#organization\"},\"alternateName\":\"Curiara\",\"potentialAction\":[{\"@type\":\"SearchAction\",\"target\":{\"@type\":\"EntryPoint\",\"urlTemplate\":\"https:\\\/\\\/curiara.com\\\/?s={search_term_string}\"},\"query-input\":{\"@type\":\"PropertyValueSpecification\",\"valueRequired\":true,\"valueName\":\"search_term_string\"}}],\"inLanguage\":\"en-US\"},{\"@type\":\"Organization\",\"@id\":\"https:\\\/\\\/curiara.com\\\/#organization\",\"name\":\"Curiara\",\"alternateName\":\"Curiara\",\"url\":\"https:\\\/\\\/curiara.com\\\/\",\"logo\":{\"@type\":\"ImageObject\",\"inLanguage\":\"en-US\",\"@id\":\"https:\\\/\\\/curiara.com\\\/#\\\/schema\\\/logo\\\/image\\\/\",\"url\":\"https:\\\/\\\/curiara.com\\\/wp-content\\\/uploads\\\/2024\\\/05\\\/Logo-America.svg\",\"contentUrl\":\"https:\\\/\\\/curiara.com\\\/wp-content\\\/uploads\\\/2024\\\/05\\\/Logo-America.svg\",\"width\":984,\"height\":256,\"caption\":\"Curiara\"},\"image\":{\"@id\":\"https:\\\/\\\/curiara.com\\\/#\\\/schema\\\/logo\\\/image\\\/\"},\"sameAs\":[\"https:\\\/\\\/www.facebook.com\\\/enviatucuriara\\\/\",\"https:\\\/\\\/x.com\\\/enviatucuriara\",\"https:\\\/\\\/www.linkedin.com\\\/company\\\/curiara\\\/\",\"https:\\\/\\\/www.instagram.com\\\/enviatucuriara\\\/?hl=es\"]}]}<\/script>\n<!-- \/ Yoast SEO plugin. -->","yoast_head_json":{"title":"Earn money by inviting friends | Send money to Venezuela from Florida","description":"With our \"Win by inviting friends\" promotion you can benefit from incredible discounts for your next remittances.","robots":{"index":"index","follow":"follow","max-snippet":"max-snippet:-1","max-image-preview":"max-image-preview:large","max-video-preview":"max-video-preview:-1"},"canonical":"https:\/\/curiara.com\/en\/inviting-friends\/","og_locale":"en_US","og_type":"article","og_title":"Gana invitando amigos | Env\u00eda dinero a Venezuela desde Florida","og_description":"Con nuestra promoci\u00f3n \"Gana invitando amigos\" podr\u00e1s beneficiarte de incre\u00edbles descuentos para tus pr\u00f3ximos env\u00edos de remesas.","og_url":"https:\/\/curiara.com\/en\/inviting-friends\/","og_site_name":"Curiara US","article_publisher":"https:\/\/www.facebook.com\/enviatucuriara\/","article_modified_time":"2024-06-20T14:13:56+00:00","og_image":[{"url":"http:\/\/curiara.com\/wp-content\/uploads\/2024\/05\/App_Store_Badge-1-2.webp","type":"","width":"","height":""}],"twitter_card":"summary_large_image","twitter_site":"@enviatucuriara","twitter_misc":{"Est. reading time":"2 minutes"},"schema":{"@context":"https:\/\/schema.org","@graph":[{"@type":"WebPage","@id":"https:\/\/curiara.com\/invitando-amigos\/","url":"https:\/\/curiara.com\/invitando-amigos\/","name":"Earn money by inviting friends | Send money to Venezuela from Florida","isPartOf":{"@id":"https:\/\/curiara.com\/#website"},"primaryImageOfPage":{"@id":"https:\/\/curiara.com\/invitando-amigos\/#primaryimage"},"image":{"@id":"https:\/\/curiara.com\/invitando-amigos\/#primaryimage"},"thumbnailUrl":"http:\/\/curiara.com\/wp-content\/uploads\/2024\/05\/App_Store_Badge-1-2.webp","datePublished":"2024-05-21T15:08:34+00:00","dateModified":"2024-06-20T14:13:56+00:00","description":"With our \"Win by inviting friends\" promotion you can benefit from incredible discounts for your next remittances.","breadcrumb":{"@id":"https:\/\/curiara.com\/invitando-amigos\/#breadcrumb"},"inLanguage":"en-US","potentialAction":[{"@type":"ReadAction","target":["https:\/\/curiara.com\/invitando-amigos\/"]}]},{"@type":"ImageObject","inLanguage":"en-US","@id":"https:\/\/curiara.com\/invitando-amigos\/#primaryimage","url":"http:\/\/curiara.com\/wp-content\/uploads\/2024\/05\/App_Store_Badge-1-2.webp","contentUrl":"http:\/\/curiara.com\/wp-content\/uploads\/2024\/05\/App_Store_Badge-1-2.webp"},{"@type":"BreadcrumbList","@id":"https:\/\/curiara.com\/invitando-amigos\/#breadcrumb","itemListElement":[{"@type":"ListItem","position":1,"name":"Portada","item":"https:\/\/curiara.com\/"},{"@type":"ListItem","position":2,"name":"Gana invitando amigos"}]},{"@type":"WebSite","@id":"https:\/\/curiara.com\/#website","url":"https:\/\/curiara.com\/","name":"Curiara","description":"Send remittances, from USA to Venezuela, with confidence and with the most competitive rate in the market. Safe, easy, fast. That's Curiara.","publisher":{"@id":"https:\/\/curiara.com\/#organization"},"alternateName":"Curiara","potentialAction":[{"@type":"SearchAction","target":{"@type":"EntryPoint","urlTemplate":"https:\/\/curiara.com\/?s={search_term_string}"},"query-input":{"@type":"PropertyValueSpecification","valueRequired":true,"valueName":"search_term_string"}}],"inLanguage":"en-US"},{"@type":"Organization","@id":"https:\/\/curiara.com\/#organization","name":"Curiara","alternateName":"Curiara","url":"https:\/\/curiara.com\/","logo":{"@type":"ImageObject","inLanguage":"en-US","@id":"https:\/\/curiara.com\/#\/schema\/logo\/image\/","url":"https:\/\/curiara.com\/wp-content\/uploads\/2024\/05\/Logo-America.svg","contentUrl":"https:\/\/curiara.com\/wp-content\/uploads\/2024\/05\/Logo-America.svg","width":984,"height":256,"caption":"Curiara"},"image":{"@id":"https:\/\/curiara.com\/#\/schema\/logo\/image\/"},"sameAs":["https:\/\/www.facebook.com\/enviatucuriara\/","https:\/\/x.com\/enviatucuriara","https:\/\/www.linkedin.com\/company\/curiara\/","https:\/\/www.instagram.com\/enviatucuriara\/?hl=es"]}]}},"_links":{"self":[{"href":"https:\/\/curiara.com\/en\/wp-json\/wp\/v2\/pages\/37","targetHints":{"allow":["GET"]}}],"collection":[{"href":"https:\/\/curiara.com\/en\/wp-json\/wp\/v2\/pages"}],"about":[{"href":"https:\/\/curiara.com\/en\/wp-json\/wp\/v2\/types\/page"}],"author":[{"embeddable":true,"href":"https:\/\/curiara.com\/en\/wp-json\/wp\/v2\/users\/6"}],"replies":[{"embeddable":true,"href":"https:\/\/curiara.com\/en\/wp-json\/wp\/v2\/comments?post=37"}],"version-history":[{"count":50,"href":"https:\/\/curiara.com\/en\/wp-json\/wp\/v2\/pages\/37\/revisions"}],"predecessor-version":[{"id":8546,"href":"https:\/\/curiara.com\/en\/wp-json\/wp\/v2\/pages\/37\/revisions\/8546"}],"wp:attachment":[{"href":"https:\/\/curiara.com\/en\/wp-json\/wp\/v2\/media?parent=37"}],"curies":[{"name":"wp","href":"https:\/\/api.w.org\/{rel}","templated":true}]}}